{"id":460,"date":"2026-04-08T23:49:28","date_gmt":"2026-04-08T23:49:28","guid":{"rendered":"https:\/\/summitglobalmanagement.com\/?page_id=460"},"modified":"2026-04-20T18:56:51","modified_gmt":"2026-04-20T18:56:51","slug":"termos-de-uso-e-disclaimers","status":"publish","type":"page","link":"https:\/\/summitglobalmanagement.com\/en\/termos-de-uso-e-disclaimers\/","title":{"rendered":"TERMOS DE USO E DISCLAIMERS"},"content":{"rendered":"<div data-elementor-type=\"wp-page\" data-elementor-id=\"460\" class=\"elementor elementor-460\" data-elementor-post-type=\"page\">\n\t\t\t\t\t\t<section class=\"elementor-section elementor-top-section elementor-element elementor-element-2d787dc9 elementor-section-boxed elementor-section-height-default elementor-section-height-default\" data-id=\"2d787dc9\" data-element_type=\"section\" data-e-type=\"section\">\n\t\t\t\t\t\t<div class=\"elementor-container elementor-column-gap-default\">\n\t\t\t\t\t<div class=\"elementor-column elementor-col-100 elementor-top-column elementor-element elementor-element-71e841b9\" data-id=\"71e841b9\" data-element_type=\"column\" data-e-type=\"column\">\n\t\t\t<div class=\"elementor-widget-wrap elementor-element-populated\">\n\t\t\t\t\t\t<div class=\"elementor-element elementor-element-6adec6dd elementor-widget elementor-widget-text-editor\" data-id=\"6adec6dd\" data-element_type=\"widget\" data-e-type=\"widget\" data-widget_type=\"text-editor.default\">\n\t\t\t\t<div class=\"elementor-widget-container\">\n\t\t\t\t\t\t\t\t\t\n<h2 class=\"wp-block-heading\">Acceptance of Terms<\/h2>\n\n<p>By accessing this website, the user agrees to these Terms of Use and the Privacy Policy.<\/p>\n\n<p>If you do not agree, it is recommended that you do not use this website.<\/p>\n\n<h2 class=\"wp-block-heading\">Nature of the Information<\/h2>\n\n<p>The content provided on this website is for informational and institutional purposes only.<\/p>\n\n<p>No information presented here constitutes:<\/p>\n\n<p>Investment recommendation<br \/>Public offering of securities<br \/>Promise of profitability or guarantee of results<\/p>\n\n<h2 class=\"wp-block-heading\">Risks and Decisions<\/h2>\n\n<p>Every financial or asset-related decision involves risks.<\/p>\n\n<p>The user is fully responsible for their decisions and should seek appropriate professional guidance before undertaking any operation.<\/p>\n\n<h2 class=\"wp-block-heading\">No Immediate Fiduciary Relationship Established<\/h2>\n\n<p>Accessing this website and submitting information through forms does not automatically establish any contractual, fiduciary, or service provision relationship.<\/p>\n\n<p>Any professional relationship will only be formalized through a specific contract.<\/p>\n\n<h2 class=\"wp-block-heading\">Scope and Jurisdiction<\/h2>\n\n<p>Companies affiliated with the Summit Global Management ecosystem operate within specific regulatory frameworks and may operate under different jurisdictions, including the United States.<\/p>\n\n<p>Certain services may be subject to applicable legal and regulatory requirements depending on the country.<\/p>\n\n<h2 class=\"wp-block-heading\">Licensing and Regulation<\/h2>\n\n<p>Associated professionals may operate under specific licenses, such as registration with the Nationwide Multistate Licensing System (NMLS), and are subject to compliance requirements, audits, and regulatory oversight.<\/p>\n\n<h2 class=\"wp-block-heading\">Limitation of Liability<\/h2>\n\n<p>The companies are not liable for:<\/p>\n\n<p>Individual interpretations of the content<br \/>Temporary unavailability of the website<br \/>Indirect or consequential damages<\/p>\n\n<h2 class=\"wp-block-heading\">Intellectual Property<\/h2>\n\n<p>All content on this website (texts, trademarks, structure, design) is protected by intellectual property rights and may not be reproduced without prior authorization.<\/p>\n\n<h2 class=\"wp-block-heading\">Third-party links<\/h2>\n\n<p>This website may contain links to third-party websites. We are not responsible for the content, policies, or practices of these websites.<\/p>\n\n<h2 class=\"wp-block-heading\">Changes to the terms<\/h2>\n\n<p>The Terms of Use may be updated at any time without prior notice.<\/p>\n\n<h2 class=\"wp-block-heading\">Contact<\/h2>\n\n<p>For questions about these terms, please contact us through the official channels available on the website.<\/p>\n\t\t\t\t\t\t\t\t<\/div>\n\t\t\t\t<\/div>\n\t\t\t\t\t<\/div>\n\t\t<\/div>\n\t\t\t\t\t<\/div>\n\t\t<\/section>\n\t\t\t\t<\/div>","protected":false},"excerpt":{"rendered":"<p>Aceita\u00e7\u00e3o dos termos Ao acessar este site, o usu\u00e1rio concorda com os presentes Termos de Uso e com a Pol\u00edtica de Privacidade. Caso n\u00e3o concorde, recomenda-se n\u00e3o utilizar este site. Natureza das informa\u00e7\u00f5es O conte\u00fado disponibilizado neste site tem car\u00e1ter exclusivamente informativo e institucional. Nenhuma informa\u00e7\u00e3o aqui apresentada constitui: \u2022 recomenda\u00e7\u00e3o de investimento\u2022 oferta p\u00fablica [&hellip;]<\/p>\n","protected":false},"author":2,"featured_media":0,"parent":0,"menu_order":0,"comment_status":"closed","ping_status":"closed","template":"elementor_header_footer","meta":{"footnotes":""},"class_list":["post-460","page","type-page","status-publish","hentry"],"yoast_head":"<!-- This site is optimized with the Yoast SEO plugin v27.4 - https:\/\/yoast.com\/product\/yoast-seo-wordpress\/ -->\n<title>Termos de Uso e Disclaimers | Summit Global Management<\/title>\n<meta name=\"description\" content=\"Consulte os termos de uso e avisos legais da Summit Global Management. Informa\u00e7\u00f5es institucionais, limita\u00e7\u00f5es de responsabilidade e condi\u00e7\u00f5es de utiliza\u00e7\u00e3o do site.\" \/>\n<meta name=\"robots\" content=\"index, follow, max-snippet:-1, max-image-preview:large, max-video-preview:-1\" \/>\n<link rel=\"canonical\" href=\"https:\/\/summitglobalmanagement.com\/en\/termos-de-uso-e-disclaimers\/\" \/>\n<meta property=\"og:locale\" content=\"en_US\" \/>\n<meta property=\"og:type\" content=\"article\" \/>\n<meta property=\"og:title\" content=\"Termos de Uso e Disclaimers | Summit Global Management\" \/>\n<meta property=\"og:description\" content=\"Consulte os termos de uso e avisos legais da Summit Global Management. Informa\u00e7\u00f5es institucionais, limita\u00e7\u00f5es de responsabilidade e condi\u00e7\u00f5es de utiliza\u00e7\u00e3o do site.\" \/>\n<meta property=\"og:url\" content=\"https:\/\/summitglobalmanagement.com\/en\/termos-de-uso-e-disclaimers\/\" \/>\n<meta property=\"og:site_name\" content=\"summitglobalmanagement.com\" \/>\n<meta property=\"article:modified_time\" content=\"2026-04-20T18:56:51+00:00\" \/>\n<meta name=\"twitter:card\" content=\"summary_large_image\" \/>\n<meta name=\"twitter:label1\" content=\"Est. reading time\" \/>\n\t<meta name=\"twitter:data1\" content=\"2 minutes\" \/>\n<script type=\"application\/ld+json\" class=\"yoast-schema-graph\">{\"@context\":\"https:\\\/\\\/schema.org\",\"@graph\":[{\"@type\":\"WebPage\",\"@id\":\"https:\\\/\\\/summitglobalmanagement.com\\\/termos-de-uso-e-disclaimers\\\/\",\"url\":\"https:\\\/\\\/summitglobalmanagement.com\\\/termos-de-uso-e-disclaimers\\\/\",\"name\":\"Termos de Uso e Disclaimers | Summit Global Management\",\"isPartOf\":{\"@id\":\"https:\\\/\\\/summitglobalmanagement.com\\\/#website\"},\"datePublished\":\"2026-04-08T23:49:28+00:00\",\"dateModified\":\"2026-04-20T18:56:51+00:00\",\"description\":\"Consulte os termos de uso e avisos legais da Summit Global Management. Informa\u00e7\u00f5es institucionais, limita\u00e7\u00f5es de responsabilidade e condi\u00e7\u00f5es de utiliza\u00e7\u00e3o do site.\",\"breadcrumb\":{\"@id\":\"https:\\\/\\\/summitglobalmanagement.com\\\/termos-de-uso-e-disclaimers\\\/#breadcrumb\"},\"inLanguage\":\"en-US\",\"potentialAction\":[{\"@type\":\"ReadAction\",\"target\":[\"https:\\\/\\\/summitglobalmanagement.com\\\/termos-de-uso-e-disclaimers\\\/\"]}]},{\"@type\":\"BreadcrumbList\",\"@id\":\"https:\\\/\\\/summitglobalmanagement.com\\\/termos-de-uso-e-disclaimers\\\/#breadcrumb\",\"itemListElement\":[{\"@type\":\"ListItem\",\"position\":1,\"name\":\"Home\",\"item\":\"https:\\\/\\\/summitglobalmanagement.com\\\/\"},{\"@type\":\"ListItem\",\"position\":2,\"name\":\"TERMOS DE USO E DISCLAIMERS\"}]},{\"@type\":\"WebSite\",\"@id\":\"https:\\\/\\\/summitglobalmanagement.com\\\/#website\",\"url\":\"https:\\\/\\\/summitglobalmanagement.com\\\/\",\"name\":\"summitglobalmanagement.com\",\"description\":\"\",\"potentialAction\":[{\"@type\":\"SearchAction\",\"target\":{\"@type\":\"EntryPoint\",\"urlTemplate\":\"https:\\\/\\\/summitglobalmanagement.com\\\/?s={search_term_string}\"},\"query-input\":{\"@type\":\"PropertyValueSpecification\",\"valueRequired\":true,\"valueName\":\"search_term_string\"}}],\"inLanguage\":\"en-US\"}]}<\/script>\n<!-- \/ Yoast SEO plugin. -->","yoast_head_json":{"title":"Termos de Uso e Disclaimers | Summit Global Management","description":"Consulte os termos de uso e avisos legais da Summit Global Management. Informa\u00e7\u00f5es institucionais, limita\u00e7\u00f5es de responsabilidade e condi\u00e7\u00f5es de utiliza\u00e7\u00e3o do site.","robots":{"index":"index","follow":"follow","max-snippet":"max-snippet:-1","max-image-preview":"max-image-preview:large","max-video-preview":"max-video-preview:-1"},"canonical":"https:\/\/summitglobalmanagement.com\/en\/termos-de-uso-e-disclaimers\/","og_locale":"en_US","og_type":"article","og_title":"Termos de Uso e Disclaimers | Summit Global Management","og_description":"Consulte os termos de uso e avisos legais da Summit Global Management. Informa\u00e7\u00f5es institucionais, limita\u00e7\u00f5es de responsabilidade e condi\u00e7\u00f5es de utiliza\u00e7\u00e3o do site.","og_url":"https:\/\/summitglobalmanagement.com\/en\/termos-de-uso-e-disclaimers\/","og_site_name":"summitglobalmanagement.com","article_modified_time":"2026-04-20T18:56:51+00:00","twitter_card":"summary_large_image","twitter_misc":{"Est. reading time":"2 minutes"},"schema":{"@context":"https:\/\/schema.org","@graph":[{"@type":"WebPage","@id":"https:\/\/summitglobalmanagement.com\/termos-de-uso-e-disclaimers\/","url":"https:\/\/summitglobalmanagement.com\/termos-de-uso-e-disclaimers\/","name":"Termos de Uso e Disclaimers | Summit Global Management","isPartOf":{"@id":"https:\/\/summitglobalmanagement.com\/#website"},"datePublished":"2026-04-08T23:49:28+00:00","dateModified":"2026-04-20T18:56:51+00:00","description":"Consulte os termos de uso e avisos legais da Summit Global Management. Informa\u00e7\u00f5es institucionais, limita\u00e7\u00f5es de responsabilidade e condi\u00e7\u00f5es de utiliza\u00e7\u00e3o do site.","breadcrumb":{"@id":"https:\/\/summitglobalmanagement.com\/termos-de-uso-e-disclaimers\/#breadcrumb"},"inLanguage":"en-US","potentialAction":[{"@type":"ReadAction","target":["https:\/\/summitglobalmanagement.com\/termos-de-uso-e-disclaimers\/"]}]},{"@type":"BreadcrumbList","@id":"https:\/\/summitglobalmanagement.com\/termos-de-uso-e-disclaimers\/#breadcrumb","itemListElement":[{"@type":"ListItem","position":1,"name":"Home","item":"https:\/\/summitglobalmanagement.com\/"},{"@type":"ListItem","position":2,"name":"TERMOS DE USO E DISCLAIMERS"}]},{"@type":"WebSite","@id":"https:\/\/summitglobalmanagement.com\/#website","url":"https:\/\/summitglobalmanagement.com\/","name":"summitglobalmanagement.com","description":"","potentialAction":[{"@type":"SearchAction","target":{"@type":"EntryPoint","urlTemplate":"https:\/\/summitglobalmanagement.com\/?s={search_term_string}"},"query-input":{"@type":"PropertyValueSpecification","valueRequired":true,"valueName":"search_term_string"}}],"inLanguage":"en-US"}]}},"_links":{"self":[{"href":"https:\/\/summitglobalmanagement.com\/en\/wp-json\/wp\/v2\/pages\/460","targetHints":{"allow":["GET"]}}],"collection":[{"href":"https:\/\/summitglobalmanagement.com\/en\/wp-json\/wp\/v2\/pages"}],"about":[{"href":"https:\/\/summitglobalmanagement.com\/en\/wp-json\/wp\/v2\/types\/page"}],"author":[{"embeddable":true,"href":"https:\/\/summitglobalmanagement.com\/en\/wp-json\/wp\/v2\/users\/2"}],"replies":[{"embeddable":true,"href":"https:\/\/summitglobalmanagement.com\/en\/wp-json\/wp\/v2\/comments?post=460"}],"version-history":[{"count":16,"href":"https:\/\/summitglobalmanagement.com\/en\/wp-json\/wp\/v2\/pages\/460\/revisions"}],"predecessor-version":[{"id":604,"href":"https:\/\/summitglobalmanagement.com\/en\/wp-json\/wp\/v2\/pages\/460\/revisions\/604"}],"wp:attachment":[{"href":"https:\/\/summitglobalmanagement.com\/en\/wp-json\/wp\/v2\/media?parent=460"}],"curies":[{"name":"wp","href":"https:\/\/api.w.org\/{rel}","templated":true}]}}